{"id":18,"date":"2023-12-13T19:59:00","date_gmt":"2023-12-13T18:59:00","guid":{"rendered":"https:\/\/lacamaramarketing.com\/?page_id=18"},"modified":"2024-02-28T12:33:55","modified_gmt":"2024-02-28T11:33:55","slug":"chapa-y-pintura","status":"publish","type":"page","link":"https:\/\/lacamaramarketing.com\/","title":{"rendered":"Hola"},"content":{"rendered":"\t\t<div data-elementor-type=\"wp-post\" data-elementor-id=\"18\" class=\"elementor elementor-18\">\n\t\t\t\t\t\t\t<div class=\"elementor-element elementor-element-5d4dc5b e-flex e-con-boxed e-con e-parent\" data-id=\"5d4dc5b\" data-element_type=\"container\" data-settings=\"{&quot;content_width&quot;:&quot;boxed&quot;}\" data-core-v316-plus=\"true\">\n\t\t\t\t\t<div class=\"e-con-inner\">\n\t\t<div class=\"elementor-element elementor-element-0eeee8b e-con-full e-flex e-con e-child\" data-id=\"0eeee8b\" data-element_type=\"container\" data-settings=\"{&quot;content_width&quot;:&quot;full&quot;}\">\n\t\t\t\t<div class=\"elementor-element elementor-element-b03b86f elementor-widget elementor-widget-heading\" data-id=\"b03b86f\" data-element_type=\"widget\" data-widget_type=\"heading.default\">\n\t\t\t\t<div class=\"elementor-widget-container\">\n\t\t\t<style>\/*! elementor - v3.18.0 - 08-12-2023 *\/\n.elementor-heading-title{padding:0;margin:0;line-height:1}.elementor-widget-heading .elementor-heading-title[class*=elementor-size-]>a{color:inherit;font-size:inherit;line-height:inherit}.elementor-widget-heading .elementor-heading-title.elementor-size-small{font-size:15px}.elementor-widget-heading .elementor-heading-title.elementor-size-medium{font-size:19px}.elementor-widget-heading .elementor-heading-title.elementor-size-large{font-size:29px}.elementor-widget-heading .elementor-heading-title.elementor-size-xl{font-size:39px}.elementor-widget-heading .elementor-heading-title.elementor-size-xxl{font-size:59px}<\/style><h3 class=\"elementor-heading-title elementor-size-default\">Hola, soy Sandra. Consultora de marketing de empresas inquietas<\/h3>\t\t<\/div>\n\t\t\t\t<\/div>\n\t\t\t\t<div class=\"elementor-element elementor-element-1b7806e elementor-widget elementor-widget-heading\" data-id=\"1b7806e\" data-element_type=\"widget\" data-widget_type=\"heading.default\">\n\t\t\t\t<div class=\"elementor-widget-container\">\n\t\t\t<h5 class=\"elementor-heading-title elementor-size-default\">Y si has llegado hasta mi web, es que est\u00e1s buscando algo...<\/h5>\t\t<\/div>\n\t\t\t\t<\/div>\n\t\t\t\t<div class=\"elementor-element elementor-element-47dbc36 elementor-align-center elementor-widget elementor-widget-button\" data-id=\"47dbc36\" data-element_type=\"widget\" data-widget_type=\"button.default\">\n\t\t\t\t<div class=\"elementor-widget-container\">\n\t\t\t\t\t<div class=\"elementor-button-wrapper\">\n\t\t\t<a class=\"elementor-button elementor-button-link elementor-size-sm\" href=\"mailto:sandra@lacamaramarketing.com\">\n\t\t\t\t\t\t<span class=\"elementor-button-content-wrapper\">\n\t\t\t\t\t\t<span class=\"elementor-button-text\">Contactarte<\/span>\n\t\t<\/span>\n\t\t\t\t\t<\/a>\n\t\t<\/div>\n\t\t\t\t<\/div>\n\t\t\t\t<\/div>\n\t\t\t\t<\/div>\n\t\t<div class=\"elementor-element elementor-element-869f5da e-con-full e-flex e-con e-child\" data-id=\"869f5da\" data-element_type=\"container\" data-settings=\"{&quot;content_width&quot;:&quot;full&quot;}\">\n\t\t\t\t<div class=\"elementor-element elementor-element-d168ab1 elementor-widget elementor-widget-image\" data-id=\"d168ab1\" data-element_type=\"widget\" data-widget_type=\"image.default\">\n\t\t\t\t<div class=\"elementor-widget-container\">\n\t\t\t<style>\/*! elementor - v3.18.0 - 08-12-2023 *\/\n.elementor-widget-image{text-align:center}.elementor-widget-image a{display:inline-block}.elementor-widget-image a img[src$=\".svg\"]{width:48px}.elementor-widget-image img{vertical-align:middle;display:inline-block}<\/style>\t\t\t\t\t\t\t\t\t\t\t\t<img fetchpriority=\"high\" decoding=\"async\" width=\"1024\" height=\"768\" src=\"https:\/\/lacamaramarketing.com\/wp-content\/uploads\/2023\/12\/PHOTO-2022-11-03-15-42-04-5-1024x768.jpg\" class=\"attachment-large size-large wp-image-551\" alt=\"\" srcset=\"https:\/\/lacamaramarketing.com\/wp-content\/uploads\/2023\/12\/PHOTO-2022-11-03-15-42-04-5-1024x768.jpg 1024w, https:\/\/lacamaramarketing.com\/wp-content\/uploads\/2023\/12\/PHOTO-2022-11-03-15-42-04-5-300x225.jpg 300w, https:\/\/lacamaramarketing.com\/wp-content\/uploads\/2023\/12\/PHOTO-2022-11-03-15-42-04-5-768x576.jpg 768w, https:\/\/lacamaramarketing.com\/wp-content\/uploads\/2023\/12\/PHOTO-2022-11-03-15-42-04-5-1536x1152.jpg 1536w, https:\/\/lacamaramarketing.com\/wp-content\/uploads\/2023\/12\/PHOTO-2022-11-03-15-42-04-5.jpg 2048w\" sizes=\"(max-width: 1024px) 100vw, 1024px\" \/>\t\t\t\t\t\t\t\t\t\t\t\t\t\t\t<\/div>\n\t\t\t\t<\/div>\n\t\t\t\t<\/div>\n\t\t\t\t\t<\/div>\n\t\t\t\t<\/div>\n\t\t<div class=\"elementor-element elementor-element-d8f3e8b e-flex e-con-boxed e-con e-parent\" data-id=\"d8f3e8b\" data-element_type=\"container\" data-settings=\"{&quot;content_width&quot;:&quot;boxed&quot;}\" data-core-v316-plus=\"true\">\n\t\t\t\t\t<div class=\"e-con-inner\">\n\t\t\t\t<div class=\"elementor-element elementor-element-d5add61 elementor-widget elementor-widget-heading\" data-id=\"d5add61\" data-element_type=\"widget\" data-widget_type=\"heading.default\">\n\t\t\t\t<div class=\"elementor-widget-container\">\n\t\t\t<h4 class=\"elementor-heading-title elementor-size-default\">Antes de saber qu\u00e9 necesitas, te explico mi \"m\u00e9todo\" fiel. <br>No s\u00e9 trabajar de otra manera. <\/h4>\t\t<\/div>\n\t\t\t\t<\/div>\n\t\t\t\t\t<\/div>\n\t\t\t\t<\/div>\n\t\t<div class=\"elementor-element elementor-element-9a9312c e-flex e-con-boxed e-con e-parent\" data-id=\"9a9312c\" data-element_type=\"container\" data-settings=\"{&quot;content_width&quot;:&quot;boxed&quot;}\" data-core-v316-plus=\"true\">\n\t\t\t\t\t<div class=\"e-con-inner\">\n\t\t<div class=\"elementor-element elementor-element-018a6e5 e-con-full e-flex e-con e-child\" data-id=\"018a6e5\" data-element_type=\"container\" data-settings=\"{&quot;content_width&quot;:&quot;full&quot;}\">\n\t\t\t\t<div class=\"elementor-element elementor-element-bbb5af8 elementor-widget elementor-widget-image\" data-id=\"bbb5af8\" data-element_type=\"widget\" data-widget_type=\"image.default\">\n\t\t\t\t<div class=\"elementor-widget-container\">\n\t\t\t\t\t\t\t\t\t\t\t\t\t\t\t<img decoding=\"async\" width=\"398\" height=\"398\" src=\"https:\/\/lacamaramarketing.com\/wp-content\/uploads\/2024\/02\/1-modified-modified-1.png\" class=\"attachment-large size-large wp-image-614\" alt=\"\" srcset=\"https:\/\/lacamaramarketing.com\/wp-content\/uploads\/2024\/02\/1-modified-modified-1.png 398w, https:\/\/lacamaramarketing.com\/wp-content\/uploads\/2024\/02\/1-modified-modified-1-300x300.png 300w, https:\/\/lacamaramarketing.com\/wp-content\/uploads\/2024\/02\/1-modified-modified-1-150x150.png 150w\" sizes=\"(max-width: 398px) 100vw, 398px\" \/>\t\t\t\t\t\t\t\t\t\t\t\t\t\t\t<\/div>\n\t\t\t\t<\/div>\n\t\t\t\t<\/div>\n\t\t<div class=\"elementor-element elementor-element-dfeea48 e-con-full e-flex e-con e-child\" data-id=\"dfeea48\" data-element_type=\"container\" data-settings=\"{&quot;content_width&quot;:&quot;full&quot;}\">\n\t\t\t\t<div class=\"elementor-element elementor-element-6aea5f0 elementor-widget elementor-widget-image\" data-id=\"6aea5f0\" data-element_type=\"widget\" data-widget_type=\"image.default\">\n\t\t\t\t<div class=\"elementor-widget-container\">\n\t\t\t\t\t\t\t\t\t\t\t\t\t\t\t<img decoding=\"async\" width=\"464\" height=\"464\" src=\"https:\/\/lacamaramarketing.com\/wp-content\/uploads\/2024\/02\/2-modified.png\" class=\"attachment-large size-large wp-image-610\" alt=\"\" srcset=\"https:\/\/lacamaramarketing.com\/wp-content\/uploads\/2024\/02\/2-modified.png 464w, https:\/\/lacamaramarketing.com\/wp-content\/uploads\/2024\/02\/2-modified-300x300.png 300w, https:\/\/lacamaramarketing.com\/wp-content\/uploads\/2024\/02\/2-modified-150x150.png 150w\" sizes=\"(max-width: 464px) 100vw, 464px\" \/>\t\t\t\t\t\t\t\t\t\t\t\t\t\t\t<\/div>\n\t\t\t\t<\/div>\n\t\t\t\t<\/div>\n\t\t<div class=\"elementor-element elementor-element-a6bae6f e-con-full e-flex e-con e-child\" data-id=\"a6bae6f\" data-element_type=\"container\" data-settings=\"{&quot;content_width&quot;:&quot;full&quot;}\">\n\t\t\t\t<div class=\"elementor-element elementor-element-4c2e832 elementor-widget elementor-widget-image\" data-id=\"4c2e832\" data-element_type=\"widget\" data-widget_type=\"image.default\">\n\t\t\t\t<div class=\"elementor-widget-container\">\n\t\t\t\t\t\t\t\t\t\t\t\t\t\t\t<img loading=\"lazy\" decoding=\"async\" width=\"447\" height=\"447\" src=\"https:\/\/lacamaramarketing.com\/wp-content\/uploads\/2024\/02\/3-modified-1.png\" class=\"attachment-large size-large wp-image-616\" alt=\"\" srcset=\"https:\/\/lacamaramarketing.com\/wp-content\/uploads\/2024\/02\/3-modified-1.png 447w, https:\/\/lacamaramarketing.com\/wp-content\/uploads\/2024\/02\/3-modified-1-300x300.png 300w, https:\/\/lacamaramarketing.com\/wp-content\/uploads\/2024\/02\/3-modified-1-150x150.png 150w\" sizes=\"(max-width: 447px) 100vw, 447px\" \/>\t\t\t\t\t\t\t\t\t\t\t\t\t\t\t<\/div>\n\t\t\t\t<\/div>\n\t\t\t\t<\/div>\n\t\t<div class=\"elementor-element elementor-element-4abfca6 e-con-full e-flex e-con e-child\" data-id=\"4abfca6\" data-element_type=\"container\" data-settings=\"{&quot;content_width&quot;:&quot;full&quot;}\">\n\t\t\t\t<div class=\"elementor-element elementor-element-72959b0 elementor-widget elementor-widget-image\" data-id=\"72959b0\" data-element_type=\"widget\" data-widget_type=\"image.default\">\n\t\t\t\t<div class=\"elementor-widget-container\">\n\t\t\t\t\t\t\t\t\t\t\t\t\t\t\t<img loading=\"lazy\" decoding=\"async\" width=\"450\" height=\"450\" src=\"https:\/\/lacamaramarketing.com\/wp-content\/uploads\/2024\/02\/4-modified-1.png\" class=\"attachment-large size-large wp-image-592\" alt=\"\" srcset=\"https:\/\/lacamaramarketing.com\/wp-content\/uploads\/2024\/02\/4-modified-1.png 450w, https:\/\/lacamaramarketing.com\/wp-content\/uploads\/2024\/02\/4-modified-1-300x300.png 300w, https:\/\/lacamaramarketing.com\/wp-content\/uploads\/2024\/02\/4-modified-1-150x150.png 150w\" sizes=\"(max-width: 450px) 100vw, 450px\" \/>\t\t\t\t\t\t\t\t\t\t\t\t\t\t\t<\/div>\n\t\t\t\t<\/div>\n\t\t\t\t<\/div>\n\t\t\t\t\t<\/div>\n\t\t\t\t<\/div>\n\t\t<div class=\"elementor-element elementor-element-fedc24b e-flex e-con-boxed e-con e-parent\" data-id=\"fedc24b\" data-element_type=\"container\" data-settings=\"{&quot;content_width&quot;:&quot;boxed&quot;}\" data-core-v316-plus=\"true\">\n\t\t\t\t\t<div class=\"e-con-inner\">\n\t\t\t\t<div class=\"elementor-element elementor-element-c7ea1cf elementor-widget elementor-widget-heading\" data-id=\"c7ea1cf\" data-element_type=\"widget\" data-widget_type=\"heading.default\">\n\t\t\t\t<div class=\"elementor-widget-container\">\n\t\t\t<h2 class=\"elementor-heading-title elementor-size-default\">\u00bfPor d\u00f3nde empezamos?<\/h2>\t\t<\/div>\n\t\t\t\t<\/div>\n\t\t\t\t\t<\/div>\n\t\t\t\t<\/div>\n\t\t<div class=\"elementor-element elementor-element-9fa6b9a e-flex e-con-boxed e-con e-parent\" data-id=\"9fa6b9a\" data-element_type=\"container\" data-settings=\"{&quot;content_width&quot;:&quot;boxed&quot;}\" data-core-v316-plus=\"true\">\n\t\t\t\t\t<div class=\"e-con-inner\">\n\t\t<div class=\"elementor-element elementor-element-70555e9 e-con-full e-flex e-con e-child\" data-id=\"70555e9\" data-element_type=\"container\" data-settings=\"{&quot;content_width&quot;:&quot;full&quot;}\">\n\t\t\t\t<div class=\"elementor-element elementor-element-c3967de elementor-widget elementor-widget-image\" data-id=\"c3967de\" data-element_type=\"widget\" data-widget_type=\"image.default\">\n\t\t\t\t<div class=\"elementor-widget-container\">\n\t\t\t\t\t\t\t\t\t\t\t\t\t\t\t<img loading=\"lazy\" decoding=\"async\" width=\"300\" height=\"150\" src=\"https:\/\/lacamaramarketing.com\/wp-content\/uploads\/2024\/02\/ESTRATEGIA-3-300x150.png\" class=\"attachment-medium size-medium wp-image-637\" alt=\"\" srcset=\"https:\/\/lacamaramarketing.com\/wp-content\/uploads\/2024\/02\/ESTRATEGIA-3-300x150.png 300w, https:\/\/lacamaramarketing.com\/wp-content\/uploads\/2024\/02\/ESTRATEGIA-3.png 400w\" sizes=\"(max-width: 300px) 100vw, 300px\" \/>\t\t\t\t\t\t\t\t\t\t\t\t\t\t\t<\/div>\n\t\t\t\t<\/div>\n\t\t\t\t<\/div>\n\t\t<div class=\"elementor-element elementor-element-1566dbf e-con-full e-flex e-con e-child\" data-id=\"1566dbf\" data-element_type=\"container\" data-settings=\"{&quot;content_width&quot;:&quot;full&quot;}\">\n\t\t\t\t<div class=\"elementor-element elementor-element-39a1c31 elementor-widget elementor-widget-image\" data-id=\"39a1c31\" data-element_type=\"widget\" data-widget_type=\"image.default\">\n\t\t\t\t<div class=\"elementor-widget-container\">\n\t\t\t\t\t\t\t\t\t\t\t\t\t\t\t<img loading=\"lazy\" decoding=\"async\" width=\"400\" height=\"200\" src=\"https:\/\/lacamaramarketing.com\/wp-content\/uploads\/2024\/02\/ESTRATEGIA-1.png\" class=\"attachment-large size-large wp-image-633\" alt=\"\" srcset=\"https:\/\/lacamaramarketing.com\/wp-content\/uploads\/2024\/02\/ESTRATEGIA-1.png 400w, https:\/\/lacamaramarketing.com\/wp-content\/uploads\/2024\/02\/ESTRATEGIA-1-300x150.png 300w\" sizes=\"(max-width: 400px) 100vw, 400px\" \/>\t\t\t\t\t\t\t\t\t\t\t\t\t\t\t<\/div>\n\t\t\t\t<\/div>\n\t\t\t\t<\/div>\n\t\t<div class=\"elementor-element elementor-element-d6aa436 e-con-full e-flex e-con e-child\" data-id=\"d6aa436\" data-element_type=\"container\" data-settings=\"{&quot;content_width&quot;:&quot;full&quot;}\">\n\t\t\t\t<div class=\"elementor-element elementor-element-30ad21b elementor-widget elementor-widget-image\" data-id=\"30ad21b\" data-element_type=\"widget\" data-widget_type=\"image.default\">\n\t\t\t\t<div class=\"elementor-widget-container\">\n\t\t\t\t\t\t\t\t\t\t\t\t\t\t\t<img loading=\"lazy\" decoding=\"async\" width=\"400\" height=\"200\" src=\"https:\/\/lacamaramarketing.com\/wp-content\/uploads\/2024\/02\/3.png\" class=\"attachment-large size-large wp-image-634\" alt=\"\" srcset=\"https:\/\/lacamaramarketing.com\/wp-content\/uploads\/2024\/02\/3.png 400w, https:\/\/lacamaramarketing.com\/wp-content\/uploads\/2024\/02\/3-300x150.png 300w\" sizes=\"(max-width: 400px) 100vw, 400px\" \/>\t\t\t\t\t\t\t\t\t\t\t\t\t\t\t<\/div>\n\t\t\t\t<\/div>\n\t\t\t\t<\/div>\n\t\t<div class=\"elementor-element elementor-element-b5261ee e-con-full e-flex e-con e-child\" data-id=\"b5261ee\" data-element_type=\"container\" data-settings=\"{&quot;content_width&quot;:&quot;full&quot;}\">\n\t\t\t\t<div class=\"elementor-element elementor-element-ff5a168 elementor-widget elementor-widget-image\" data-id=\"ff5a168\" data-element_type=\"widget\" data-widget_type=\"image.default\">\n\t\t\t\t<div class=\"elementor-widget-container\">\n\t\t\t\t\t\t\t\t\t\t\t\t\t\t\t<img loading=\"lazy\" decoding=\"async\" width=\"400\" height=\"200\" src=\"https:\/\/lacamaramarketing.com\/wp-content\/uploads\/2024\/02\/ESTRATEGIA-2.png\" class=\"attachment-large size-large wp-image-636\" alt=\"\" srcset=\"https:\/\/lacamaramarketing.com\/wp-content\/uploads\/2024\/02\/ESTRATEGIA-2.png 400w, https:\/\/lacamaramarketing.com\/wp-content\/uploads\/2024\/02\/ESTRATEGIA-2-300x150.png 300w\" sizes=\"(max-width: 400px) 100vw, 400px\" \/>\t\t\t\t\t\t\t\t\t\t\t\t\t\t\t<\/div>\n\t\t\t\t<\/div>\n\t\t\t\t<\/div>\n\t\t\t\t\t<\/div>\n\t\t\t\t<\/div>\n\t\t\t\t\t\t\t<\/div>\n\t\t","protected":false},"excerpt":{"rendered":"<p>Hola, soy Sandra. Consultora de marketing de empresas inquietas Y si has llegado hasta mi web, es que est\u00e1s buscando algo&#8230; Contactarte Antes de saber qu\u00e9 necesitas, te explico mi &#8220;m\u00e9todo&#8221; fiel. No s\u00e9 trabajar de otra manera. \u00bfPor d\u00f3nde empezamos?<\/p>\n","protected":false},"author":1,"featured_media":0,"parent":0,"menu_order":0,"comment_status":"closed","ping_status":"closed","template":"","meta":{"om_disable_all_campaigns":false,"site-sidebar-layout":"no-sidebar","site-content-layout":"page-builder","ast-site-content-layout":"full-width-container","site-content-style":"default","site-sidebar-style":"default","ast-global-header-display":"","ast-banner-title-visibility":"","ast-main-header-display":"","ast-hfb-above-header-display":"","ast-hfb-below-header-display":"","ast-hfb-mobile-header-display":"","site-post-title":"disabled","ast-breadcrumbs-content":"","ast-featured-img":"disabled","footer-sml-layout":"","theme-transparent-header-meta":"","adv-header-id-meta":"","stick-header-meta":"","header-above-stick-meta":"","header-main-stick-meta":"","header-below-stick-meta":"","astra-migrate-meta-layouts":"default","ast-page-background-enabled":"default","ast-page-background-meta":{"desktop":{"background-color":"var(--ast-global-color-4)","background-image":"","background-repeat":"repeat","background-position":"center center","background-size":"auto","background-attachment":"scroll","background-type":"","background-media":"","overlay-type":"","overlay-color":"","overlay-gradient":""},"tablet":{"background-color":"","background-image":"","background-repeat":"repeat","background-position":"center center","background-size":"auto","background-attachment":"scroll","background-type":"","background-media":"","overlay-type":"","overlay-color":"","overlay-gradient":""},"mobile":{"background-color":"","background-image":"","background-repeat":"repeat","background-position":"center center","background-size":"auto","background-attachment":"scroll","background-type":"","background-media":"","overlay-type":"","overlay-color":"","overlay-gradient":""}},"ast-content-background-meta":{"desktop":{"background-color":"var(--ast-global-color-5)","background-image":"","background-repeat":"repeat","background-position":"center center","background-size":"auto","background-attachment":"scroll","background-type":"","background-media":"","overlay-type":"","overlay-color":"","overlay-gradient":""},"tablet":{"background-color":"var(--ast-global-color-5)","background-image":"","background-repeat":"repeat","background-position":"center center","background-size":"auto","background-attachment":"scroll","background-type":"","background-media":"","overlay-type":"","overlay-color":"","overlay-gradient":""},"mobile":{"background-color":"var(--ast-global-color-5)","background-image":"","background-repeat":"repeat","background-position":"center center","background-size":"auto","background-attachment":"scroll","background-type":"","background-media":"","overlay-type":"","overlay-color":"","overlay-gradient":""}},"footnotes":""},"aioseo_notices":[],"_links":{"self":[{"href":"https:\/\/lacamaramarketing.com\/index.php?rest_route=\/wp\/v2\/pages\/18"}],"collection":[{"href":"https:\/\/lacamaramarketing.com\/index.php?rest_route=\/wp\/v2\/pages"}],"about":[{"href":"https:\/\/lacamaramarketing.com\/index.php?rest_route=\/wp\/v2\/types\/page"}],"author":[{"embeddable":true,"href":"https:\/\/lacamaramarketing.com\/index.php?rest_route=\/wp\/v2\/users\/1"}],"replies":[{"embeddable":true,"href":"https:\/\/lacamaramarketing.com\/index.php?rest_route=%2Fwp%2Fv2%2Fcomments&post=18"}],"version-history":[{"count":51,"href":"https:\/\/lacamaramarketing.com\/index.php?rest_route=\/wp\/v2\/pages\/18\/revisions"}],"predecessor-version":[{"id":640,"href":"https:\/\/lacamaramarketing.com\/index.php?rest_route=\/wp\/v2\/pages\/18\/revisions\/640"}],"wp:attachment":[{"href":"https:\/\/lacamaramarketing.com\/index.php?rest_route=%2Fwp%2Fv2%2Fmedia&parent=18"}],"curies":[{"name":"wp","href":"https:\/\/api.w.org\/{rel}","templated":true}]}}